{"id":619,"date":"2025-07-18T16:38:31","date_gmt":"2025-07-18T14:38:31","guid":{"rendered":"https:\/\/www.cours-peinture-porcelaine.com\/blog\/?page_id=619"},"modified":"2025-07-18T16:52:15","modified_gmt":"2025-07-18T14:52:15","slug":"619-2","status":"publish","type":"page","link":"https:\/\/www.cours-peinture-porcelaine.com\/blog\/619-2\/","title":{"rendered":"MENTIONS LEGALES"},"content":{"rendered":"<p><big style=\"color: rgb(0, 0, 0);\"><\/p>\n<p>MENTIONS L\u00c9GALES DU SITE\u00a0 <a href=\"https:\/\/www.cours-peinture-porcelaine.com\/blog\/\">https:\/\/www.cours-peinture-porcelaine.com\/blog\/<\/a><\/p>\n<p>ce site appartient \u00e0\u00a0\u00a0Theule Jean Luc<br \/>\ndomicili\u00e9\u00a0 :\u00a01275 rue d&rsquo;alco,\u00a034080 Montpellier<\/p>\n<p>Contact :\u00a0 <a href=\"mailto:contact@cours-peinture-porcelaine.com\"><b> contact@cours-peinture-porcelaine.com<\/b><\/a><br \/>\nEditeur du service : LUC DIELEMAN, Montpellier<br \/>\nCe site est h\u00e9berg\u00e9 par :\u00a0 https:\/\/www.ovh.com<\/p>\n<p><strong>Donn\u00e9es \u00e0 caract\u00e8re personnel<\/strong><\/p>\n<ul>\n<li>L\u2019utilisateur peut user de son droit d\u2019acc\u00e8s, de rectification, de suppression et d\u2019opposition selon les modalit\u00e9s pr\u00e9vues ci-apr\u00e8s.<\/li>\n<li>L\u2019utilisateur dispose des droits d\u2019acc\u00e8s, de rectification, de suppression et d\u2019opposition qui peuvent s\u2019effectuer sur simple demande aupr\u00e8s de <a href=\"mailto:contact@cours-peinture-porcelaine.com\"><b>contact@cours-peinture-porcelaine.com<\/b><\/a><\/li>\n<li>Conform\u00e9ment \u00e0 la loi \u00ab informatique et libert\u00e9s \u00bb du 6 janvier 1978 modifi\u00e9e en 2004, vous b\u00e9n\u00e9ficiez d\u00b4un droit d\u00b4acc\u00e8s et de rectification aux informations qui vous concernent, que vous pouvez exercer en vous adressant au service information de\u00a0 http:\/\/www.faire-part-lemag.fr\/maison\/ T\u00e9moins de connexion Les utilisateurs du site https:\/\/www.cours-peinture-porcelaine.com\/blog\/\u00a0sont inform\u00e9s que, lors de l\u2019acc\u00e8s au site, des informations peuvent \u00eatre temporairement conserv\u00e9es en m\u00e9moire ou sur leur disque dur afin de faciliter la navigation. Pour plus d\u2019informations voir notre politique de confidentialit\u00e9 des donn\u00e9es<\/li>\n<\/ul>\n<p><strong>Propri\u00e9t\u00e9 intellectuelle<\/strong><\/p>\n<p>1. La structure g\u00e9n\u00e9rale, les textes, images anim\u00e9es ou non et tous les \u00e9l\u00e9ments composant ce site Web, sont prot\u00e9g\u00e9s et rel\u00e8vent de la l\u00e9gislation fran\u00e7aise et internationale sur le droit d\u2019auteur et la propri\u00e9t\u00e9 intellectuelle.<br \/>\nTous les droits de reproduction sont r\u00e9serv\u00e9s, y compris pour les documents t\u00e9l\u00e9chargeables et les repr\u00e9sentations iconographiques et photographiques.<br \/>\n2. Toute reproduction totale ou partielle de ce site ou d\u2019un de ses \u00e9l\u00e9ments sans autorisation expresse et pr\u00e9alable de www.produits-piscines.fr est interdite.<br \/>\n3. Toute repr\u00e9sentation ou reproduction de ce site ou d\u2019un de ses \u00e9l\u00e9ments, par quelque proc\u00e9d\u00e9 que ce soit, constituerait une contrefa\u00e7on.<br \/>\n4. Cr\u00e9dits photos des articles : pixabay.com\/fr\/ ou https:\/\/depositphotos.com\/fr\/ ou <strong>photos personnelles de chantiers travaux en languedoc-roussillon<\/strong><\/p>\n<p><\/big><\/p>\n","protected":false},"excerpt":{"rendered":"<p>MENTIONS L\u00c9GALES DU SITE\u00a0 https:\/\/www.cours-peinture-porcelaine.com\/blog\/ ce site appartient \u00e0\u00a0\u00a0Theule Jean Luc domicili\u00e9\u00a0 :\u00a01275 rue d&rsquo;alco,\u00a034080 Montpellier Contact :\u00a0 contact@cours-peinture-porcelaine.com Editeur du service : LUC DIELEMAN, Montpellier Ce site est h\u00e9berg\u00e9 par :\u00a0 https:\/\/www.ovh.com Donn\u00e9es \u00e0 caract\u00e8re personnel L\u2019utilisateur peut user <a href=\"https:\/\/www.cours-peinture-porcelaine.com\/blog\/619-2\/\" class=\"read-more\">Read More &#8230;<\/a><\/p>\n","protected":false},"author":1,"featured_media":0,"parent":0,"menu_order":0,"comment_status":"closed","ping_status":"closed","template":"","meta":{"footnotes":""},"class_list":["post-619","page","type-page","status-publish","hentry"],"aioseo_notices":[],"_links":{"self":[{"href":"https:\/\/www.cours-peinture-porcelaine.com\/blog\/wp-json\/wp\/v2\/pages\/619","targetHints":{"allow":["GET"]}}],"collection":[{"href":"https:\/\/www.cours-peinture-porcelaine.com\/blog\/wp-json\/wp\/v2\/pages"}],"about":[{"href":"https:\/\/www.cours-peinture-porcelaine.com\/blog\/wp-json\/wp\/v2\/types\/page"}],"author":[{"embeddable":true,"href":"https:\/\/www.cours-peinture-porcelaine.com\/blog\/wp-json\/wp\/v2\/users\/1"}],"replies":[{"embeddable":true,"href":"https:\/\/www.cours-peinture-porcelaine.com\/blog\/wp-json\/wp\/v2\/comments?post=619"}],"version-history":[{"count":4,"href":"https:\/\/www.cours-peinture-porcelaine.com\/blog\/wp-json\/wp\/v2\/pages\/619\/revisions"}],"predecessor-version":[{"id":631,"href":"https:\/\/www.cours-peinture-porcelaine.com\/blog\/wp-json\/wp\/v2\/pages\/619\/revisions\/631"}],"wp:attachment":[{"href":"https:\/\/www.cours-peinture-porcelaine.com\/blog\/wp-json\/wp\/v2\/media?parent=619"}],"curies":[{"name":"wp","href":"https:\/\/api.w.org\/{rel}","templated":true}]}}